{"id":2366,"date":"2024-01-14T09:28:43","date_gmt":"2024-01-14T09:28:43","guid":{"rendered":"https:\/\/tujci-koper.si\/?page_id=2366"},"modified":"2024-02-27T08:51:20","modified_gmt":"2024-02-27T08:51:20","slug":"domov","status":"publish","type":"page","link":"https:\/\/www.novivkopru.si\/en\/","title":{"rendered":"Domov"},"content":{"rendered":"<p>\/* Darker background on mouse-over *\/<br>.btn:hover {<br>background-color: RoyalBlue;<br>}<br><br><\/p>\n\n\n\n<p>Icon buttons with text:<\/p>\n\n\n\n<p>Entry into the country<br>Learning Slovenian<br>Administration<br>Finding a job<br>Entrepreneurship<br>Education<br>Prosti \u010das in vklju\u010devanje v aktivnosti<br>Health<br>Social welfare<br>Transport<\/p>","protected":false},"excerpt":{"rendered":"<p>\/* Darker background on mouse-over *\/.btn:hover {background-color: RoyalBlue;} Icon buttons with text: Vstop v dr\u017eavoU\u010denje slovenskega jezikaUpravni postopkiIskanje zaposlitvePodjetni\u0161tvoIzobra\u017eevanjeProsti \u010das in vklju\u010devanje v aktivnostiZdravstvoSocialno varstvoPrevoz<\/p>","protected":false},"author":1,"featured_media":0,"parent":0,"menu_order":0,"comment_status":"closed","ping_status":"closed","template":"","meta":{"_eb_attr":"","_monsterinsights_skip_tracking":false,"_monsterinsights_sitenote_active":false,"_monsterinsights_sitenote_note":"","_monsterinsights_sitenote_category":0,"footnotes":""},"class_list":["post-2366","page","type-page","status-publish","hentry"],"_links":{"self":[{"href":"https:\/\/www.novivkopru.si\/en\/wp-json\/wp\/v2\/pages\/2366","targetHints":{"allow":["GET"]}}],"collection":[{"href":"https:\/\/www.novivkopru.si\/en\/wp-json\/wp\/v2\/pages"}],"about":[{"href":"https:\/\/www.novivkopru.si\/en\/wp-json\/wp\/v2\/types\/page"}],"author":[{"embeddable":true,"href":"https:\/\/www.novivkopru.si\/en\/wp-json\/wp\/v2\/users\/1"}],"replies":[{"embeddable":true,"href":"https:\/\/www.novivkopru.si\/en\/wp-json\/wp\/v2\/comments?post=2366"}],"version-history":[{"count":3,"href":"https:\/\/www.novivkopru.si\/en\/wp-json\/wp\/v2\/pages\/2366\/revisions"}],"predecessor-version":[{"id":3014,"href":"https:\/\/www.novivkopru.si\/en\/wp-json\/wp\/v2\/pages\/2366\/revisions\/3014"}],"wp:attachment":[{"href":"https:\/\/www.novivkopru.si\/en\/wp-json\/wp\/v2\/media?parent=2366"}],"curies":[{"name":"wp","href":"https:\/\/api.w.org\/{rel}","templated":true}]}}